{"id":291,"date":"2017-05-10T15:34:39","date_gmt":"2017-05-10T12:34:39","guid":{"rendered":"http:\/\/gungorkafes.com\/?page_id=291"},"modified":"2020-01-16T10:57:24","modified_gmt":"2020-01-16T07:57:24","slug":"about-us","status":"publish","type":"page","link":"http:\/\/gungorkafes.com\/en\/about-us\/","title":{"rendered":"About Us"},"content":{"rendered":"\n  <div class=\"banner has-hover has-parallax\" id=\"banner-1862353800\">\n          <div class=\"banner-inner fill\">\n        <div class=\"banner-bg fill\" data-parallax=\"-3\" data-parallax-container=\".banner\" data-parallax-background>\n            <div class=\"bg fill bg-fill \"><\/div>\n                        <div class=\"overlay\"><\/div>            \n                    <\/div><!-- bg-layers -->\n        <div class=\"banner-layers container\">\n            <div class=\"fill banner-link\"><\/div>            \n   <div id=\"text-box-1234857060\" class=\"text-box banner-layer x50 md-x50 lg-x50 y80 md-y80 lg-y80 res-text\">\n                                <div class=\"text dark\">\n              \n              <div class=\"text-inner text-center\">\n                  \n<h1 class=\"lead\">about us<\/h1>\n<p class=\"lead\">Since 1985 we have done &#8220;wood decoration&#8221;.<br \/>\nAfter 2000, we do &#8220;amateur bird development&#8221;. We are currently developing the most professional bird production units in the world &#8230;<\/p>\n              <\/div>\n           <\/div><!-- text-box-inner -->\n                            \n<style scope=\"scope\">\n\n#text-box-1234857060 {\n  width: 60%;\n}\n#text-box-1234857060 .text {\n  font-size: 100%;\n}\n<\/style>\n    <\/div><!-- text-box -->\n \n        <\/div><!-- .banner-layers -->\n      <\/div><!-- .banner-inner -->\n\n            \n<style scope=\"scope\">\n\n#banner-1862353800 {\n  padding-top: 450px;\n}\n#banner-1862353800 .bg.bg-loaded {\n  background-image: url(http:\/\/gungorkafes.com\/en\/wp-content\/uploads\/dummy-2.jpg);\n}\n#banner-1862353800 .overlay {\n  background-color: rgba(0, 0, 0, 0.49);\n}\n<\/style>\n  <\/div><!-- .banner -->\n\n\n<div class=\"row\"  id=\"row-1977284298\">\n<div class=\"col small-12 large-12\"  ><div class=\"col-inner\"  >\n<p class=\"thin-font\" style=\"text-align: left;\"><strong>Building blocks<br \/>\n<\/strong><\/p>\n<p>In 2000, we started \u201cAmateur Bird Development\u201d.<br \/>\nIn 2001, we have developed wooden products.<br \/>\nIn 2009, &#8220;TKKKF (T\u00fcrkiye Kanarya ve Kafes Ku\u015flar\u0131 Federasyonu)&#8221; and &#8220;K\u0131vr\u0131k Gagal\u0131lar ve Kafes Ku\u015flar\u0131 \u00dcreticileri Derne\u011fi&#8221; We are members of.<br \/>\nIn 2010, the Company participated in the first Official Competitions. Turkey \/ Kocaeli until the contest &#8220;Best Hall&#8221; (Hall&#8217;s Best) have been awarded the prize.<br \/>\nIn 2015, we started to use the Compact product, which is a healthier and more durable antibacterial product than wood in Bird Production Areas.<\/p>\n<div class=\"text-center\"><div class=\"is-divider divider clearfix\" ><\/div><\/div><!-- .divider -->\n<\/div><\/div>\n<div class=\"col medium-3 small-12 large-3\"  ><div class=\"col-inner\"  >\n    <div class=\"box has-hover has-hover box-default box-text-bottom\" >\n\n                  <div class=\"box-image \" style=\"width:80%;\">\n           <div class=\"box-image-inner image-cover\" style=\"border-radius:100%;padding-top:100%;\">\n              <img width=\"539\" height=\"539\" src=\"http:\/\/gungorkafes.com\/en\/wp-content\/uploads\/sahin-gungor.jpg\" class=\"attachment- size-\" alt=\"sahin-gungor\" loading=\"lazy\" srcset=\"http:\/\/gungorkafes.com\/en\/wp-content\/uploads\/sahin-gungor.jpg 539w, http:\/\/gungorkafes.com\/en\/wp-content\/uploads\/sahin-gungor-100x100.jpg 100w, http:\/\/gungorkafes.com\/en\/wp-content\/uploads\/sahin-gungor-510x510.jpg 510w, http:\/\/gungorkafes.com\/en\/wp-content\/uploads\/sahin-gungor-280x280.jpg 280w, http:\/\/gungorkafes.com\/en\/wp-content\/uploads\/sahin-gungor-400x400.jpg 400w\" sizes=\"(max-width: 539px) 100vw, 539px\" \/>                         <\/div>\n          <\/div><!-- box-image -->\n         \n          <div class=\"box-text text-center\" >\n                <div class=\"box-text-inner\">\n                  <h4 class=\"uppercase\">\n                    <span class=\"person-name\">Sahin GUNGOR<\/span><br\/>\n                    <span class=\"person-title is-small thin-font op-7\">\n                      SALES DIRECTOR                    <\/span>\n                  <\/h4>\n                 <div class=\"social-icons follow-icons\" ><a href=\"https:\/\/www.facebook.com\/sahin.gungor.108?ref=br_rs\" target=\"_blank\" data-label=\"Facebook\"  rel=\"noopener noreferrer nofollow\" class=\"icon button circle is-outline facebook tooltip\" title=\"Follow on Facebook\"><i class=\"icon-facebook\" ><\/i><\/a><a href=\"mailto:gungorkafes@gmail.com\" data-label=\"E-mail\"  rel=\"nofollow\" class=\"icon button circle is-outline  email tooltip\" title=\"Send us an email\"><i class=\"icon-envelop\" ><\/i><\/a><\/div>                 \n                <\/div><!-- box-text-inner -->\n          <\/div><!-- box-text -->\n    <\/div><!-- .box  -->\n\n    \n    \n<\/div><\/div>\n<div class=\"col medium-3 small-12 large-3\"  ><div class=\"col-inner\"  >\n    <div class=\"box has-hover has-hover box-text-bottom\" >\n\n                  <div class=\"box-image \" style=\"width:80%;\">\n           <div class=\"box-image-inner image-cover\" style=\"border-radius:100%;padding-top:100%;\">\n              <img width=\"539\" height=\"539\" src=\"http:\/\/gungorkafes.com\/en\/wp-content\/uploads\/orhan-gungor.jpg\" class=\"attachment- size-\" alt=\"\" loading=\"lazy\" srcset=\"http:\/\/gungorkafes.com\/en\/wp-content\/uploads\/orhan-gungor.jpg 539w, http:\/\/gungorkafes.com\/en\/wp-content\/uploads\/orhan-gungor-100x100.jpg 100w, http:\/\/gungorkafes.com\/en\/wp-content\/uploads\/orhan-gungor-510x510.jpg 510w, http:\/\/gungorkafes.com\/en\/wp-content\/uploads\/orhan-gungor-280x280.jpg 280w, http:\/\/gungorkafes.com\/en\/wp-content\/uploads\/orhan-gungor-400x400.jpg 400w\" sizes=\"(max-width: 539px) 100vw, 539px\" \/>                         <\/div>\n          <\/div><!-- box-image -->\n         \n          <div class=\"box-text text-center\" >\n                <div class=\"box-text-inner\">\n                  <h4 class=\"uppercase\">\n                    <span class=\"person-name\">Orhan GUNGOR<\/span><br\/>\n                    <span class=\"person-title is-small thin-font op-7\">\n                      PRODUCT SPECIALIST                    <\/span>\n                  <\/h4>\n                 <div class=\"social-icons follow-icons\" ><a href=\"https:\/\/www.facebook.com\/orhan.gungor.7311\" target=\"_blank\" data-label=\"Facebook\"  rel=\"noopener noreferrer nofollow\" class=\"icon button circle is-outline facebook tooltip\" title=\"Follow on Facebook\"><i class=\"icon-facebook\" ><\/i><\/a><a href=\"mailto:gungorkafes@gmail.com\" data-label=\"E-mail\"  rel=\"nofollow\" class=\"icon button circle is-outline  email tooltip\" title=\"Send us an email\"><i class=\"icon-envelop\" ><\/i><\/a><\/div>                 \n                <\/div><!-- box-text-inner -->\n          <\/div><!-- box-text -->\n    <\/div><!-- .box  -->\n\n    \n    \n<p>&nbsp;<\/p>\n<\/div><\/div>\n<\/div>\n","protected":false},"excerpt":{"rendered":"","protected":false},"author":1,"featured_media":0,"parent":0,"menu_order":0,"comment_status":"closed","ping_status":"closed","template":"","meta":[],"_links":{"self":[{"href":"http:\/\/gungorkafes.com\/en\/wp-json\/wp\/v2\/pages\/291"}],"collection":[{"href":"http:\/\/gungorkafes.com\/en\/wp-json\/wp\/v2\/pages"}],"about":[{"href":"http:\/\/gungorkafes.com\/en\/wp-json\/wp\/v2\/types\/page"}],"author":[{"embeddable":true,"href":"http:\/\/gungorkafes.com\/en\/wp-json\/wp\/v2\/users\/1"}],"replies":[{"embeddable":true,"href":"http:\/\/gungorkafes.com\/en\/wp-json\/wp\/v2\/comments?post=291"}],"version-history":[{"count":44,"href":"http:\/\/gungorkafes.com\/en\/wp-json\/wp\/v2\/pages\/291\/revisions"}],"predecessor-version":[{"id":985,"href":"http:\/\/gungorkafes.com\/en\/wp-json\/wp\/v2\/pages\/291\/revisions\/985"}],"wp:attachment":[{"href":"http:\/\/gungorkafes.com\/en\/wp-json\/wp\/v2\/media?parent=291"}],"curies":[{"name":"wp","href":"https:\/\/api.w.org\/{rel}","templated":true}]}}